{"id":43,"date":"2018-11-23T09:47:40","date_gmt":"2018-11-23T09:47:40","guid":{"rendered":"http:\/\/deuxal.es\/?page_id=43"},"modified":"2018-11-23T10:30:04","modified_gmt":"2018-11-23T10:30:04","slug":"tecnofrut","status":"publish","type":"page","link":"http:\/\/deuxal.es\/index.php\/tecnofrut\/","title":{"rendered":"Tecnofrut"},"content":{"rendered":"<p>Una empresa que cuenta con los \u00faltimos avances cient\u00edficos, con la experiencia de estar d\u00eda a d\u00eda en contacto con el amplio mercado de los c\u00edtricos, y que avanza con el dinamismo de su juventud.<\/p>\n<p>Porque la calidad es un deber.<\/p>\n<p><a href=\"http:\/\/www.tecnofrut.com\/inicio.htm\"><img loading=\"lazy\" decoding=\"async\" src=\"http:\/\/deuxal.es\/wp-content\/uploads\/2018\/11\/tecno-300x62.gif\" alt=\"\" width=\"300\" height=\"62\" class=\"alignnone size-medium wp-image-77\" \/><\/a><\/p>\n","protected":false},"excerpt":{"rendered":"<p>Una empresa que cuenta con los \u00faltimos avances cient\u00edficos, con la experiencia de estar d\u00eda a d\u00eda en contacto con el amplio mercado de los c\u00edtricos, y que avanza con el dinamismo de su juventud. Porque la calidad es un deber.<\/p>\n","protected":false},"author":1,"featured_media":0,"parent":0,"menu_order":0,"comment_status":"closed","ping_status":"closed","template":"","meta":{"footnotes":""},"class_list":["post-43","page","type-page","status-publish","hentry"],"_links":{"self":[{"href":"http:\/\/deuxal.es\/index.php\/wp-json\/wp\/v2\/pages\/43","targetHints":{"allow":["GET"]}}],"collection":[{"href":"http:\/\/deuxal.es\/index.php\/wp-json\/wp\/v2\/pages"}],"about":[{"href":"http:\/\/deuxal.es\/index.php\/wp-json\/wp\/v2\/types\/page"}],"author":[{"embeddable":true,"href":"http:\/\/deuxal.es\/index.php\/wp-json\/wp\/v2\/users\/1"}],"replies":[{"embeddable":true,"href":"http:\/\/deuxal.es\/index.php\/wp-json\/wp\/v2\/comments?post=43"}],"version-history":[{"count":2,"href":"http:\/\/deuxal.es\/index.php\/wp-json\/wp\/v2\/pages\/43\/revisions"}],"predecessor-version":[{"id":78,"href":"http:\/\/deuxal.es\/index.php\/wp-json\/wp\/v2\/pages\/43\/revisions\/78"}],"wp:attachment":[{"href":"http:\/\/deuxal.es\/index.php\/wp-json\/wp\/v2\/media?parent=43"}],"curies":[{"name":"wp","href":"https:\/\/api.w.org\/{rel}","templated":true}]}}